{"id":73,"date":"2014-12-11T06:21:34","date_gmt":"2014-12-11T06:21:34","guid":{"rendered":"http:\/\/kidslife.dttheme.com\/?page_id=73"},"modified":"2020-02-29T15:53:28","modified_gmt":"2020-02-29T15:53:28","slug":"about-us","status":"publish","type":"page","link":"https:\/\/www.allahopp-schwetzingen.de\/?page_id=73","title":{"rendered":"alla Hopp"},"content":{"rendered":"<section class=\"wpb-content-wrapper\"><p>[vc_row][vc_column][vc_column_text]<\/p>\n<div id=\"ed-5502720\" class=\"ed-element ed-image center logo-content\" data-animation=\"{&quot;type&quot;:&quot;shrink&quot;,&quot;initial&quot;:&quot;hide&quot;,&quot;keepHeight&quot;:true,&quot;duration&quot;:&quot;1s&quot;,&quot;delay&quot;:&quot;0s&quot;,&quot;overlay&quot;:{&quot;width&quot;:&quot;auto&quot;},&quot;trigger&quot;:&quot;onload&quot;,&quot;group&quot;:{&quot;name&quot;:&quot;&quot;,&quot;behavior&quot;:{&quot;show&quot;:&quot;&quot;,&quot;hide&quot;:&quot;&quot;}}}\">Bewegungs- und Begegnungsanlage Schwetzingen<\/div>\n<div data-animation=\"{&quot;type&quot;:&quot;shrink&quot;,&quot;initial&quot;:&quot;hide&quot;,&quot;keepHeight&quot;:true,&quot;duration&quot;:&quot;1s&quot;,&quot;delay&quot;:&quot;0s&quot;,&quot;overlay&quot;:{&quot;width&quot;:&quot;auto&quot;},&quot;trigger&quot;:&quot;onload&quot;,&quot;group&quot;:{&quot;name&quot;:&quot;&quot;,&quot;behavior&quot;:{&quot;show&quot;:&quot;&quot;,&quot;hide&quot;:&quot;&quot;}}}\"><\/div>\n<div data-animation=\"{&quot;type&quot;:&quot;shrink&quot;,&quot;initial&quot;:&quot;hide&quot;,&quot;keepHeight&quot;:true,&quot;duration&quot;:&quot;1s&quot;,&quot;delay&quot;:&quot;0s&quot;,&quot;overlay&quot;:{&quot;width&quot;:&quot;auto&quot;},&quot;trigger&quot;:&quot;onload&quot;,&quot;group&quot;:{&quot;name&quot;:&quot;&quot;,&quot;behavior&quot;:{&quot;show&quot;:&quot;&quot;,&quot;hide&quot;:&quot;&quot;}}}\"><\/div>\n<div id=\"ed-7243914\" class=\"ed-element ed-headline custom-theme\">\n<h3 id=\"\" class=\"center \">Die Anlage ist ganzj\u00e4hrig ge\u00f6ffnet unabh\u00e4ngig der \u00d6ffnungszeiten der Gastronomie.<\/h3>\n<\/div>\n<div id=\"ed-5363853\" class=\"ed-element ed-text custom-theme\" data-animation=\"{&quot;type&quot;:&quot;fade&quot;,&quot;initial&quot;:&quot;hide&quot;,&quot;keepHeight&quot;:true,&quot;duration&quot;:&quot;1s&quot;,&quot;delay&quot;:&quot;0s&quot;,&quot;overlay&quot;:{&quot;width&quot;:&quot;auto&quot;},&quot;trigger&quot;:&quot;scroll&quot;,&quot;group&quot;:{&quot;name&quot;:&quot;&quot;,&quot;behavior&quot;:{&quot;show&quot;:&quot;&quot;,&quot;hide&quot;:&quot;&quot;}}}\">\n<p>Bewegung macht Spa\u00df. Gemeinsam noch viel mehr. Hierf\u00fcr spendete die Dietmar Hopp Stiftung 19 Bewegungs- und Begegnungsanlagen in der Metropolregion Rhein-Neckar. Alle Generationen sollen sich in den frei zug\u00e4nglichen Anlagen kostenfrei nach Lust und Laune fit halten und erholen k\u00f6nnen. Damit erreicht\u00a0<em>alla hopp!<\/em>\u00a0drei Ziele:<\/p>\n<h3>Bewegung f\u00f6rdern<\/h3>\n<p><em>alla hopp!<\/em>\u00a0m\u00f6chte Menschen jeden Alters und Fitnessgrads f\u00fcr Bewegung begeistern und motivieren. Die Anlagen sind weitgehend barrierearm. Die Devise: Gemeinsame Bewegung ohne Leistungsgedanken.<\/p>\n<h3>Begegnung erm\u00f6glichen<\/h3>\n<p><em>alla hopp!<\/em>\u00a0schafft Raum f\u00fcr Begegnung und verbindet Generationen.<\/p>\n<h3>Gesundheit sch\u00fctzen<\/h3>\n<p>Mit Bewegung leisten Jung und Alt einen aktiven Beitrag zum Erhalt der eigenen Gesundheit.<\/p>\n<\/div>\n<div id=\"ed-5363883\" class=\"ed-element ed-spacer\">\n<div class=\"space\"><\/div>\n<\/div>\n<div id=\"ed-5363862\" class=\"ed-element ed-container wv-boxed preset-spalten bilder-schief\">\n<div class=\"inner preset-columns\">\n<div id=\"ed-5363865\" class=\"ed-element ed-container box\">\n<div class=\"inner\">\n<div id=\"ed-5363868\" class=\"ed-element ed-image zoom\"><a href=\"https:\/\/cdn3.site-media.eu\/images\/689\/2083950\/a4689e7a1c.jpg\"><img decoding=\"async\" class=\" tilt_2 box-image\" src=\".\/yokay! - Bistro &amp; Caf\u00e9 am Alla Hopp Schwetzingen_files\/a4689e7a1c.jpg\" srcset=\"https:\/\/cdn3.site-media.eu\/images\/293\/2083950\/a4689e7a1c.jpg 1x, https:\/\/cdn3.site-media.eu\/images\/586\/2083950\/a4689e7a1c.jpg 2x\" alt=\"\" \/><\/a><\/div>\n<\/div>\n<\/div>\n<div id=\"ed-5363871\" class=\"ed-element ed-container box\">\n<div class=\"inner\">\n<div id=\"ed-5363874\" class=\"ed-element ed-image zoom\"><a href=\"https:\/\/cdn3.site-media.eu\/images\/689\/2083935\/5b544f31f9.jpg\"><img decoding=\"async\" class=\" tilt_1 box-image\" src=\".\/yokay! - Bistro &amp; Caf\u00e9 am Alla Hopp Schwetzingen_files\/5b544f31f9.jpg\" srcset=\"https:\/\/cdn3.site-media.eu\/images\/293\/2083935\/5b544f31f9.jpg 1x, https:\/\/cdn3.site-media.eu\/images\/586\/2083935\/5b544f31f9.jpg 2x\" alt=\"\" \/><\/a><\/div>\n<\/div>\n<\/div>\n<div id=\"ed-5363877\" class=\"ed-element ed-container box\">\n<div class=\"inner\">\n<div id=\"ed-5363880\" class=\"ed-element ed-image zoom\"><a href=\"https:\/\/cdn3.site-media.eu\/images\/689\/2083953\/b5e761c293.jpg\"><img decoding=\"async\" class=\" tilt_2 box-image\" src=\".\/yokay! - Bistro &amp; Caf\u00e9 am Alla Hopp Schwetzingen_files\/b5e761c293.jpg\" srcset=\"https:\/\/cdn3.site-media.eu\/images\/293\/2083953\/b5e761c293.jpg 1x, https:\/\/cdn3.site-media.eu\/images\/586\/2083953\/b5e761c293.jpg 2x\" alt=\"\" \/><\/a><\/div>\n<\/div>\n<\/div>\n<div id=\"ed-5364411\" class=\"ed-element ed-spacer\">\n<div class=\"space\"><\/div>\n<\/div>\n<\/div>\n<\/div>\n<div id=\"ed-5364426\" class=\"ed-element ed-headline custom-theme\" data-animation=\"{&quot;type&quot;:&quot;fade&quot;,&quot;initial&quot;:&quot;hide&quot;,&quot;keepHeight&quot;:true,&quot;duration&quot;:&quot;1s&quot;,&quot;delay&quot;:&quot;0s&quot;,&quot;overlay&quot;:{&quot;width&quot;:&quot;auto&quot;},&quot;trigger&quot;:&quot;scroll&quot;,&quot;group&quot;:{&quot;name&quot;:&quot;&quot;,&quot;behavior&quot;:{&quot;show&quot;:&quot;&quot;,&quot;hide&quot;:&quot;&quot;}}}\">\n<h4 id=\"\" class=\" \">Jede alla\u00a0<em>hopp!<\/em>-Anlage besteht aus drei bis vier Modulen:<\/h4>\n<p>&nbsp;<\/p>\n<\/div>\n<div id=\"ed-5364414\" class=\"ed-element ed-text custom-theme\" data-animation=\"{&quot;type&quot;:&quot;fade&quot;,&quot;initial&quot;:&quot;hide&quot;,&quot;keepHeight&quot;:true,&quot;duration&quot;:&quot;1s&quot;,&quot;delay&quot;:&quot;0s&quot;,&quot;overlay&quot;:{&quot;width&quot;:&quot;auto&quot;},&quot;trigger&quot;:&quot;scroll&quot;,&quot;group&quot;:{&quot;name&quot;:&quot;&quot;,&quot;behavior&quot;:{&quot;show&quot;:&quot;&quot;,&quot;hide&quot;:&quot;&quot;}}}\">\n<h3>Bewegungsparcours f\u00fcr Jedermann<\/h3>\n<p>Ausgew\u00e4hlte Ger\u00e4te st\u00e4rken Beweglichkeit, Koordination, Ausdauer und Kraft aller Generationen. Der Parcours folgt einem sportwissenschaftlichen Konzept. Schwierigkeitsstufen f\u00fcr Anf\u00e4nger und Fortgeschrittene werden mit leicht verst\u00e4ndlichen Anleitungen erl\u00e4utert. So macht es Spa\u00df, sich fit zu halten!<\/p>\n<h3>Kinderspielplatz f\u00fcr die J\u00fcngsten \u2013 bei jedem Wetter<\/h3>\n<p>Spielm\u00f6glichkeiten f\u00f6rdern die Sinneswahrnehmung und die Bewegung kleiner Kinder (bis circa sechs Jahre). Das Konzept von\u00a0<em>alla hopp!<\/em>\u00a0sieht einen Pavillon vor, der Wetterschutz bietet, Sitzgelegenheiten und Sanit\u00e4ranlagen beinhaltet. Einfach ein guter Treffpunkt.<\/p>\n<h3>Naturnaher Spiel- und Bewegungsplatz f\u00fcr Schulkinder<\/h3>\n<p>Dieses Modul bietet Kindern und Jugendlichen von etwa sechs bis zw\u00f6lf Jahren viel Raum f\u00fcr freies und kreatives Spielen, f\u00fcr Toben, Klettern, Hangeln und Balancieren. Das verbessert Motorik und Beweglichkeit.<\/p>\n<h3>Option: Bewegungsplatz f\u00fcr jugendliche Sportler<\/h3>\n<p>Falls eine ausreichend gro\u00dfe und geeignete Fl\u00e4che verf\u00fcgbar ist, kann optional ein Modul f\u00fcr jugendliche Sportler angeschlossen werden, zum Beispiel f\u00fcr Inliner, Skater oder Biker.<\/p>\n<\/div>\n<p>[\/vc_column_text][\/vc_column][\/vc_row]<\/p>\n<\/section>","protected":false},"excerpt":{"rendered":"<p>[vc_row][vc_column][vc_column_text] Bewegungs- und Begegnungsanlage Schwetzingen Die Anlage ist ganzj\u00e4hrig ge\u00f6ffnet unabh\u00e4ngig der \u00d6ffnungszeiten der Gastronomie. Bewegung macht Spa\u00df. Gemeinsam noch viel mehr. Hierf\u00fcr spendete die Dietmar Hopp Stiftung 19 Bewegungs- [&hellip;]<\/p>\n","protected":false},"author":1,"featured_media":0,"parent":0,"menu_order":0,"comment_status":"open","ping_status":"open","template":"","meta":[],"_links":{"self":[{"href":"https:\/\/www.allahopp-schwetzingen.de\/index.php?rest_route=\/wp\/v2\/pages\/73"}],"collection":[{"href":"https:\/\/www.allahopp-schwetzingen.de\/index.php?rest_route=\/wp\/v2\/pages"}],"about":[{"href":"https:\/\/www.allahopp-schwetzingen.de\/index.php?rest_route=\/wp\/v2\/types\/page"}],"author":[{"embeddable":true,"href":"https:\/\/www.allahopp-schwetzingen.de\/index.php?rest_route=\/wp\/v2\/users\/1"}],"replies":[{"embeddable":true,"href":"https:\/\/www.allahopp-schwetzingen.de\/index.php?rest_route=%2Fwp%2Fv2%2Fcomments&post=73"}],"version-history":[{"count":42,"href":"https:\/\/www.allahopp-schwetzingen.de\/index.php?rest_route=\/wp\/v2\/pages\/73\/revisions"}],"predecessor-version":[{"id":4619,"href":"https:\/\/www.allahopp-schwetzingen.de\/index.php?rest_route=\/wp\/v2\/pages\/73\/revisions\/4619"}],"wp:attachment":[{"href":"https:\/\/www.allahopp-schwetzingen.de\/index.php?rest_route=%2Fwp%2Fv2%2Fmedia&parent=73"}],"curies":[{"name":"wp","href":"https:\/\/api.w.org\/{rel}","templated":true}]}}