{"id":71,"date":"2014-12-11T06:20:23","date_gmt":"2014-12-11T06:20:23","guid":{"rendered":"http:\/\/kidslife.dttheme.com\/?page_id=71"},"modified":"2026-01-03T06:34:08","modified_gmt":"2026-01-03T06:34:08","slug":"home","status":"publish","type":"page","link":"https:\/\/www.allahopp-schwetzingen.de\/","title":{"rendered":"Home"},"content":{"rendered":"<section class=\"wpb-content-wrapper\"><p>[vc_row][vc_column][vc_column_text]<\/p>\n<h5><span style=\"font-size: 16px;\">Liebe Alla Hopp Besucher,<\/span><\/h5>\n<div dir=\"auto\"><\/div>\n<p>&nbsp;<\/p>\n<p><span style=\"font-weight: 400;\">Unsere Au\u00dfengastronomie haben wir im Februar 2020 an der Alla Hopp Anlage in Schwetzingen er\u00f6ffnet. Wir m\u00f6chten Euren Besuch an der Alla Hopp Anlage etwas vers\u00fc\u00dfen und entspannter gestalten. Also lasst Euren Picknickrucksack daheim und genie\u00dft unsere hausgemachten Speisen. Startet mit einem kleinen Fr\u00fchst\u00fcck bei uns in den Tag, von frisch aufgebackenen Brezeln \u00fcber belegte Br\u00f6tchen bis zum perfekten Fr\u00fchst\u00fcck mit Br\u00f6tchen, Konfit\u00fcre, Nutella, Naturjoghurt mit frischem Obst und Eierspeisen wird alles angeboten. Neben gesunden Smoothies, verschiedenen Kaffeeangeboten, BIO-Tee`s und Softgetr\u00e4nken gibt es auch k\u00f6stliche Salate, Flammkuchen, Pizza, Eis ohne Ende und mehr. Werft doch gleich mal einen Blick auf die <\/span>Speisekarte<span style=\"font-weight: 400;\"><strong>.<\/strong> Wir wollen alles ein bisschen leckerer machen, als man es im Durchschnitt kennt. Und wir finden: Es ist uns gelungen. Die Salate mit hausgemachten Dressings und frisch gebratenen H\u00e4hnchenstreifen. Die Smoothies mit echten Fr\u00fcchten und keine Konzentrate mit Eisw\u00fcrfeln! Tja und dann sind da noch die weiteren Speisen. Na gut, ein bisschen S\u00fcnde darf auch mal sein. Aber trotzdem lecker. Wir haben tolle Curryw\u00fcrste mit hausgemachter Currysauce und dazu Pommes Frites. Unsere Flammkuchen &amp; Pizzas werden mit frischen Zutaten belegt, die Pizzasauce ist ebenfalls hausgemacht. Wir haben bei allem darauf geachtet, dass wir gute und frische Zutaten verwenden. Daher m\u00fc\u00dft Ihr auch 2-3 Minten warten, bis Euer Essen fertig ist.<\/span><\/p>\n<p><span style=\"font-weight: 400;\">Der Premium-Kaffee kommt von der R\u00f6sterei Westhoff, ebenso die verschiedenen BIO-Teesorten. WELDE Br\u00e4u mit verschiedenen Bierprodukten und tolle Weine sind der ideale Begleiter zu den Speisen (nat\u00fcrlich nur f\u00fcr Erwachsene :)). F\u00fcr die Kleinen haben wir Capri Sun, Durstl\u00f6scher und weitere Erfrischungsgetr\u00e4nke im Sortiment.<\/span>[\/vc_column_text][vc_column_text]<span style=\"font-weight: 400;\">Abgerundet wird das Angebot mit einer gro\u00dfen Auswahl an Eis-Sorten, angefangen vom PIRULO \u00fcber das Kit-Kat bis zum MILKA-Eis, nicht zu vergessen das Slush-Eis.<\/span><\/p>\n<p><span style=\"font-weight: 400;\">Besonderes Augenmerk verdient auch unser Bio-Einweggeschirr. Hier haben wir uns der Nachhaltigkeit zu Liebe f\u00fcr eine nicht ganz billige aber absolut sinnvolle L\u00f6sung entschieden: Alles aus 100% nachwachsenden Rohstoffen, sowie 100% biologisch abbau- und kompostierbar. Unsere Teller sind aus Palmblatt oder Zuckerrohr. Unsere Smoothie-Becher sehen aus wie herk\u00f6mmliche Plastikbecher, sind aber aus PLA Kunststoff. Nach rund 90 Tagen sind die meisten Produkte zersetzt und der Muttererde wieder zur\u00fcckgegeben.<\/span><\/p>\n<p><span style=\"font-weight: 400;\">Gerne k\u00f6nnt Ihr f\u00fcr eure Feier Tische bei uns unter den gro\u00dfen Sonnenschirmen <\/span>reservieren<span style=\"font-weight: 400;\">. Die Tischdeko d\u00fcrft Ihr gerne selbst mitbringen und alles f\u00fcr die Feier sch\u00f6n dekorieren. F\u00fcr Kindergeburtstage haben wir ein separates Angebot erstellt, wir freuen uns auf Euren Besuch.<\/span><\/p>\n<p><span style=\"font-weight: 400;\">Und da wir alle nicht perfekt sind haben wir eine Bitte: sollte mal etwas nicht schmecken oder sonst zu bem\u00e4ngeln gibt, sagt uns gleich Bescheid oder schreibt einen Email an \u201e<\/span><a href=\"mailto:info@allahopp-schwetzingen.de\"><span style=\"font-weight: 400;\">info@allahopp-schwetzingen.de<\/span><\/a><span style=\"font-weight: 400;\">\u201c, nur so k\u00f6nnen wir \u201eperfekter\u201c werden :).<\/span><\/p>\n<p>Ach so, sollte es mal regnen, so informieren wir Euch \u00fcber unsere ge\u00e4nderten \u00d6ffnungszeiten \u00fcber Google und auch \u00fcber Facebook. Also gleich mal liken! Und abonnieren nicht vergessen.<\/p>\n<p><strong>\u00d6ffnungszeiten:<\/strong><br \/>\nSaisonbetrieb von M\u00e4rz bis November<br \/>\nMontag \u2013 Samstag: 11:30 Uhr \u2013 19:00 Uhr<br \/>\nSonntag &amp; Feiertage: 10:00 Uhr \u2013 19:00 Uhr<\/p>\n<p>Bitte beachten Sie, dass sich unsere \u00d6ffnungszeiten bei schlechtem Wetter (z. B. Regen oder Sturm) \u00e4ndern k\u00f6nnen.<br \/>\nF\u00fcr Geburtstagsreservierungen k\u00f6nnen Sie sich gerne bei uns melden.[\/vc_column_text][vc_raw_html]JTI2bmJzcCUzQiUwQSUzQ2RpdiUyMGNsYXNzJTNEJTIyd2NvbS1jaXR5JTIyJTNFJTNDYSUyMHN0eWxlJTNEJTIyY29sb3IlM0ElMjAlMjMwMDAlM0IlMjIlMjB0aXRsZSUzRCUyMldldHRlciUyMFNjaHdldHppbmdlbiUyMiUyMGhyZWYlM0QlMjJodHRwcyUzQSUyRiUyRnd3dy53ZXR0ZXIuY29tJTJGZGV1dHNjaGxhbmQlMkZzY2h3ZXR6aW5nZW4lMkZERTAwMDk3MjYuaHRtbCUyMiUyMHRhcmdldCUzRCUyMl9ibGFuayUyMiUyMHJlbCUzRCUyMm5vZm9sbG93JTIwbm9vcGVuZXIlMjBub3JlZmVycmVyJTIyJTIwYXJpYS1sYWJlbCUzRCUyMldldHRlciUyMEJlcmxpbiUyMiUzRVdldHRlciUyMFNjaHdldHppbmdlbiUzQyUyRmElM0UlM0MlMkZkaXYlM0UlMEElM0NkaXYlMjBpZCUzRCUyMndjb20tZGY4MmVhNDE3MzM5OTFhMjgwZDM3NDAwY2M2OTgyZTMtd2VhdGhlciUyMiUzRSUzQyUyRmRpdiUzRSUwQSUzQ3NjcmlwdCUyMHR5cGUlM0QlMjJ0ZXh0JTJGamF2YXNjcmlwdCUyMiUyMHNyYyUzRCUyMiUyRiUyRmNzMy53ZXR0ZXJjb21hc3NldHMuY29tJTJGd295cyUyRjUlMkZqcyUyRncuanMlMjIlM0UlM0MlMkZzY3JpcHQlM0UlM0NzY3JpcHQlMjB0eXBlJTNEJTIydGV4dCUyRmphdmFzY3JpcHQlMjIlM0Vfd2NvbVdpZGdldCUyOCU3QmlkJTNBJTIwJTI3d2NvbS1kZjgyZWE0MTczMzk5MWEyODBkMzc0MDBjYzY5ODJlMyUyNyUyQ2xvY2F0aW9uJTNBJTIwJTI3REUwMDA5NzI2JTI3JTJDZm9ybWF0JTNBJTIwJTI3MzAweDI1MCUyNyUyQ3R5cGUlM0ElMjAlMjdzcGFjZXMlMjclN0QlMjklM0IlM0MlMkZzY3JpcHQlM0UlMEElMEElM0MlMkZkaXYlM0UlMEElMjZuYnNwJTNC[\/vc_raw_html][vc_column_text][\/vc_column_text][\/vc_column][\/vc_row][vc_row][vc_column][vc_column_text]<\/p>\n<p>[\/vc_column_text][\/vc_column][\/vc_row][vc_row][vc_column][vc_column_text]<\/p>\n<p>[\/vc_column_text][\/vc_column][\/vc_row]<\/p>\n<\/section>","protected":false},"excerpt":{"rendered":"<p>[vc_row][vc_column][vc_column_text] Liebe Alla Hopp Besucher, &nbsp; Unsere Au\u00dfengastronomie haben wir im Februar 2020 an der Alla Hopp Anlage in Schwetzingen er\u00f6ffnet. Wir m\u00f6chten Euren Besuch an der Alla Hopp Anlage [&hellip;]<\/p>\n","protected":false},"author":1,"featured_media":0,"parent":0,"menu_order":0,"comment_status":"open","ping_status":"open","template":"","meta":[],"_links":{"self":[{"href":"https:\/\/www.allahopp-schwetzingen.de\/index.php?rest_route=\/wp\/v2\/pages\/71"}],"collection":[{"href":"https:\/\/www.allahopp-schwetzingen.de\/index.php?rest_route=\/wp\/v2\/pages"}],"about":[{"href":"https:\/\/www.allahopp-schwetzingen.de\/index.php?rest_route=\/wp\/v2\/types\/page"}],"author":[{"embeddable":true,"href":"https:\/\/www.allahopp-schwetzingen.de\/index.php?rest_route=\/wp\/v2\/users\/1"}],"replies":[{"embeddable":true,"href":"https:\/\/www.allahopp-schwetzingen.de\/index.php?rest_route=%2Fwp%2Fv2%2Fcomments&post=71"}],"version-history":[{"count":109,"href":"https:\/\/www.allahopp-schwetzingen.de\/index.php?rest_route=\/wp\/v2\/pages\/71\/revisions"}],"predecessor-version":[{"id":4725,"href":"https:\/\/www.allahopp-schwetzingen.de\/index.php?rest_route=\/wp\/v2\/pages\/71\/revisions\/4725"}],"wp:attachment":[{"href":"https:\/\/www.allahopp-schwetzingen.de\/index.php?rest_route=%2Fwp%2Fv2%2Fmedia&parent=71"}],"curies":[{"name":"wp","href":"https:\/\/api.w.org\/{rel}","templated":true}]}}