{"id":4606,"date":"2020-02-29T15:29:39","date_gmt":"2020-02-29T15:29:39","guid":{"rendered":"https:\/\/www.allahopp-schwetzingen.de\/?page_id=4606"},"modified":"2026-01-04T06:21:42","modified_gmt":"2026-01-04T06:21:42","slug":"kindergeburtstag","status":"publish","type":"page","link":"https:\/\/www.allahopp-schwetzingen.de\/?page_id=4606","title":{"rendered":"Kindergeburtstag"},"content":{"rendered":"<section class=\"wpb-content-wrapper\"><p>[vc_row][vc_column][vc_column_text]<\/p>\n<div id=\"ed-5502720\" class=\"ed-element ed-image center logo-content\" data-animation=\"{&quot;type&quot;:&quot;shrink&quot;,&quot;initial&quot;:&quot;hide&quot;,&quot;keepHeight&quot;:true,&quot;duration&quot;:&quot;1s&quot;,&quot;delay&quot;:&quot;0s&quot;,&quot;overlay&quot;:{&quot;width&quot;:&quot;auto&quot;},&quot;trigger&quot;:&quot;onload&quot;,&quot;group&quot;:{&quot;name&quot;:&quot;&quot;,&quot;behavior&quot;:{&quot;show&quot;:&quot;&quot;,&quot;hide&quot;:&quot;&quot;}}}\">\n<div id=\"ed-5860098\" class=\"ed-element ed-headline custom-theme\">\n<p>Kindergeburtstag feiern<\/p>\n<p class=\"center \"><img decoding=\"async\" loading=\"lazy\" class=\"wp-image-4625 alignleft\" src=\"https:\/\/www.allahopp-schwetzingen.de\/wp-content\/uploads\/2020\/03\/Yokay-KiGeBu_JungeLuftballons-300x228.png\" alt=\"\" width=\"408\" height=\"310\" srcset=\"https:\/\/www.allahopp-schwetzingen.de\/wp-content\/uploads\/2020\/03\/Yokay-KiGeBu_JungeLuftballons-300x228.png 300w, https:\/\/www.allahopp-schwetzingen.de\/wp-content\/uploads\/2020\/03\/Yokay-KiGeBu_JungeLuftballons-768x583.png 768w, https:\/\/www.allahopp-schwetzingen.de\/wp-content\/uploads\/2020\/03\/Yokay-KiGeBu_JungeLuftballons-750x570.png 750w, https:\/\/www.allahopp-schwetzingen.de\/wp-content\/uploads\/2020\/03\/Yokay-KiGeBu_JungeLuftballons-540x410.png 540w, https:\/\/www.allahopp-schwetzingen.de\/wp-content\/uploads\/2020\/03\/Yokay-KiGeBu_JungeLuftballons-600x456.png 600w, https:\/\/www.allahopp-schwetzingen.de\/wp-content\/uploads\/2020\/03\/Yokay-KiGeBu_JungeLuftballons.png 960w\" sizes=\"(max-width: 408px) 100vw, 408px\" \/>Der n\u00e4chste Kindergeburtstag Eures Sohnes\/Eurer Tochter steht an und Ihr sucht einen au\u00dfergew\u00f6hnlichen, fr\u00f6hlichen und kindgerechten Ort zum Feiern?<\/p>\n<p class=\"center \">Dann seid Ihr am Alla Hopp Schwetzingen genau richtig.<\/p>\n<p class=\"center \">Hier k\u00f6nnen sich Eure kleinen G\u00e4ste so richtig austoben, klettern, balancieren und spielen. Langeweile kommt bei diesem riesigen Spielplatz sicher nicht auf. Und wenn die Geburtstagsg\u00e4ste so richtig hungrig sind vom Toben, dann k\u00f6nnen sie sich bei einem leckeren Essen st\u00e4rken.<\/p>\n<p class=\"center \">Wir bieten folgendes Geburtstagspaket ab 7 Kindern an:<br \/>\nReservierte Tische 11.30h-14.30 Uhr oder 15.30h-18.30h<br \/>\nInklusivleistungen zur Wahl:<br \/>\n1 Pizza Margherita oder 1 Pizza Salami<br \/>\nPenne-Nudeln oder 6er Chicken Nuggets mit Pommes<br \/>\n1 Getr\u00e4nk 0,5l (Cola, Fanta, Apfelschorle, Wasser)<br \/>\n1 Eis nach Wahl f\u00fcr jedes Kind<br \/>\nPPreis: EUR 149,00 (f\u00fcr 7 Kinder + 2 Begleitpersonen) zzgl. EUR 15,00 f\u00fcr jede weitere Person.<\/p>\n<p class=\"center \">Begleitpersonen haben freie Wahl bei der Speisenauswahl aus unserer Speisekarte.<\/p>\n<p class=\"center \">Bei Allergikern oder Vegetarier bitte einfach anfragen,<br \/>\nauch hier haben wir passende Speisen f\u00fcr Sie.<br \/>\nAlle nicht in den Paketen aufgef\u00fchrte Produkte k\u00f6nne<\/p>\n<p class=\"center \">Alle nicht in den Paketen aufgef\u00fchrte Produkte k\u00f6nnen gerne \u00e0 la carte dazu bestellt werden.<\/p>\n<p><strong>Reservierungen f\u00fcr Kindergeburtstage sind nur von Montag -Samstag m\u00f6glich.<\/strong><\/p>\n<p class=\"center \">Reservierungsanfragen nehmen wir gerne unter info@allahopp-schwetzingen.de entgegen. R\u00fcckmeldung bitte an info@allahopp-schwetzingen.de oder direkt am Kiosk auf der Anlage. Gerne k\u00f6nnt Ihr auch <a href=\"https:\/\/www.allahopp-schwetzingen.de\/wp-content\/uploads\/2026\/01\/alla-hopp-Flyer_Geburtstag.pdf\" target=\"_blank\" rel=\"noopener noreferrer\">hier unser Anmeldeformular<\/a> nutzen<\/p>\n<p class=\"center \">Gerne d\u00fcrft Ihr bei Buchung Eure Deko und Euren Geburtstagskuchen selbst mitbringen.<\/p>\n<p class=\"center \">Wir freuen uns auf ein gelungenes Geburtstagsfest mit Euch.<\/p>\n<p class=\"center \">Bistro &amp; Caf\u00e9 Alla Hopp Schwetzingen<br \/>\nHockenheimer Landstra\u00dfe 7, 68723 Schwetzingen<br \/>\nwww.facebook.com\/AllaHoppSchwetzingen<br \/>\ninfo@allahopp-schwetzingen.de<br \/>\nTel: 06202\/9546252<\/p>\n<\/div>\n<\/div>\n<p>[\/vc_column_text][\/vc_column][\/vc_row][vc_row][vc_column]<div class='text-with-icon'><span class='fa fa-link'> <\/span><a title='Download Flyer Geburtstag in der alla hopp Anlage' target='_blank' href='https:\/\/www.allahopp-schwetzingen.de\/wp-content\/uploads\/2026\/01\/alla-hopp-Flyer_Geburtstag.pdf'>Download Flyer Geburtstag in der alla hopp Anlage<\/a><\/div>[\/vc_column][\/vc_row]<\/p>\n<\/section>","protected":false},"excerpt":{"rendered":"<p>[vc_row][vc_column][vc_column_text] Kindergeburtstag feiern Der n\u00e4chste Kindergeburtstag Eures Sohnes\/Eurer Tochter steht an und Ihr sucht einen au\u00dfergew\u00f6hnlichen, fr\u00f6hlichen und kindgerechten Ort zum Feiern? Dann seid Ihr am Alla Hopp Schwetzingen genau [&hellip;]<\/p>\n","protected":false},"author":1,"featured_media":0,"parent":0,"menu_order":0,"comment_status":"open","ping_status":"open","template":"","meta":[],"_links":{"self":[{"href":"https:\/\/www.allahopp-schwetzingen.de\/index.php?rest_route=\/wp\/v2\/pages\/4606"}],"collection":[{"href":"https:\/\/www.allahopp-schwetzingen.de\/index.php?rest_route=\/wp\/v2\/pages"}],"about":[{"href":"https:\/\/www.allahopp-schwetzingen.de\/index.php?rest_route=\/wp\/v2\/types\/page"}],"author":[{"embeddable":true,"href":"https:\/\/www.allahopp-schwetzingen.de\/index.php?rest_route=\/wp\/v2\/users\/1"}],"replies":[{"embeddable":true,"href":"https:\/\/www.allahopp-schwetzingen.de\/index.php?rest_route=%2Fwp%2Fv2%2Fcomments&post=4606"}],"version-history":[{"count":24,"href":"https:\/\/www.allahopp-schwetzingen.de\/index.php?rest_route=\/wp\/v2\/pages\/4606\/revisions"}],"predecessor-version":[{"id":4726,"href":"https:\/\/www.allahopp-schwetzingen.de\/index.php?rest_route=\/wp\/v2\/pages\/4606\/revisions\/4726"}],"wp:attachment":[{"href":"https:\/\/www.allahopp-schwetzingen.de\/index.php?rest_route=%2Fwp%2Fv2%2Fmedia&parent=4606"}],"curies":[{"name":"wp","href":"https:\/\/api.w.org\/{rel}","templated":true}]}}